{"id":1115,"date":"2026-01-26T16:31:52","date_gmt":"2026-01-26T16:31:52","guid":{"rendered":"https:\/\/flugsportgruppe-unterwoessen.de\/?page_id=1115"},"modified":"2026-01-30T09:03:35","modified_gmt":"2026-01-30T09:03:35","slug":"teamshop","status":"publish","type":"page","link":"https:\/\/flugsportgruppe-unterwoessen.de\/en\/teamshop\/","title":{"rendered":"TeamShop"},"content":{"rendered":"<div data-elementor-type=\"wp-page\" data-elementor-id=\"1115\" class=\"elementor elementor-1115\">\n\t\t\t\t<div class=\"elementor-element elementor-element-a166061 elementor-hidden-mobile e-flex e-con-boxed wpr-particle-no wpr-jarallax-no wpr-parallax-no wpr-sticky-section-no e-con e-parent\" data-id=\"a166061\" data-element_type=\"container\" data-e-type=\"container\" data-settings=\"{&quot;background_background&quot;:&quot;classic&quot;}\">\n\t\t\t\t\t<div class=\"e-con-inner\">\n\t\t\t\t<div class=\"elementor-element elementor-element-30ec72d elementor-widget elementor-widget-text-editor\" data-id=\"30ec72d\" data-element_type=\"widget\" data-e-type=\"widget\" data-widget_type=\"text-editor.default\">\n\t\t\t\t\t\t\t\t\t<p style=\"text-align: left;\">Hallo liebe FSGU Piloten und alle, die es werden wollen! Die aktuelle FSGU &#8211; Teamkollektion ist im Anmarsch! Habt Ihr Lust, Euch mit unserer Flugsportgruppe auch im Biergarten oder beim Stammtisch &#8211; besser noch bei der n\u00e4chsten Meisterschaft zu identifizieren? Ab sofort gibt es in unserem Shop viele tolle Designs, die Euch als FSGU-ler auszeichnen. Die Designs sind von mir f\u00fcr Euch entworfen und werden zum Selbstkostenpreis ohne jeden finanziellen Gewinn abgegeben.<\/p><p style=\"text-align: left;\">\u00a0<\/p><p style=\"text-align: left;\">Also schaut Euch im Shop in Ruhe um, dort gibt es noch weitere Entw\u00fcrfe, Farben und Varianten wie z.B. lang\u00e4rmelige Shirts und Hoodies. Ich werde mich bem\u00fchen, das Sortiment zu erweitern, damit jeder etwas f\u00fcr sich findet.<\/p><p style=\"text-align: left;\">\u00a0<\/p><p>Wenn dann noch immer W\u00fcnsche offen sind &#8211; sprecht mich an. Ich werde mich bem\u00fchen, Euer Wunschdesign umzusetzen.<\/p><p>\u00a0<\/p><p style=\"text-align: left;\">Eure Andrea<\/p>\t\t\t\t\t\t\t\t<\/div>\n\t\t\t\t<div class=\"elementor-element elementor-element-c1d0353 elementor-widget elementor-widget-text-editor\" data-id=\"c1d0353\" data-element_type=\"widget\" data-e-type=\"widget\" data-widget_type=\"text-editor.default\">\n\t\t\t\t\t\t\t\t\t<p>Wie komme ich zum Online-Shop? Dr\u00fcckt auf das Foto unten, der Link f\u00fchrt Euch zum Owayo-Shop. Ein Regensburger Hersteller mit einem hohen Anspruch an Qualit\u00e4t und Zuverl\u00e4ssigkeit!<\/p>\t\t\t\t\t\t\t\t<\/div>\n\t\t\t\t\t<\/div>\n\t\t\t\t<\/div>\n\t\t<div class=\"elementor-element elementor-element-37df74c elementor-hidden-desktop elementor-hidden-tablet e-flex e-con-boxed wpr-particle-no wpr-jarallax-no wpr-parallax-no wpr-sticky-section-no e-con e-parent\" data-id=\"37df74c\" data-element_type=\"container\" data-e-type=\"container\" data-settings=\"{&quot;background_background&quot;:&quot;classic&quot;}\">\n\t\t\t\t\t<div class=\"e-con-inner\">\n\t\t\t\t<div class=\"elementor-element elementor-element-5ddb9a9 elementor-widget elementor-widget-text-editor\" data-id=\"5ddb9a9\" data-element_type=\"widget\" data-e-type=\"widget\" data-widget_type=\"text-editor.default\">\n\t\t\t\t\t\t\t\t\t<p style=\"text-align: left;\">Hallo liebe FSGU Piloten und alle, die es werden wollen! Die aktuelle FSGU &#8211; Teamkollektion ist im Anmarsch! Habt Ihr Lust, Euch mit unserer Flugsportgruppe auch im Biergarten oder beim Stammtisch &#8211; besser noch bei der n\u00e4chsten Meisterschaft zu identifizieren? Ab sofort gibt es in unserem Shop viele tolle Designs, die Euch als FSGU-ler auszeichnen. Die Designs sind von mir f\u00fcr Euch entworfen und werden zum Selbstkostenpreis ohne jeden finanziellen Gewinn abgegeben.<\/p><p style=\"text-align: left;\">\u00a0<\/p><p style=\"text-align: left;\">Also schaut Euch im Shop in Ruhe um, dort gibt es noch weitere Entw\u00fcrfe, Farben und Varianten wie z.B. lang\u00e4rmelige Shirts und Hoodies. Ich werde mich bem\u00fchen, das Sortiment zu erweitern, damit jeder etwas f\u00fcr sich findet.<\/p><p style=\"text-align: left;\">\u00a0<\/p><p>Wenn dann noch immer W\u00fcnsche offen sind &#8211; sprecht mich an. Ich werde mich bem\u00fchen, Euer Wunschdesign umzusetzen.<\/p><p>\u00a0<\/p><p style=\"text-align: left;\">Eure Andrea<\/p>\t\t\t\t\t\t\t\t<\/div>\n\t\t\t\t\t<\/div>\n\t\t\t\t<\/div>\n\t\t<div class=\"elementor-element elementor-element-24378ec e-flex e-con-boxed wpr-particle-no wpr-jarallax-no wpr-parallax-no wpr-sticky-section-no e-con e-parent\" data-id=\"24378ec\" data-element_type=\"container\" data-e-type=\"container\" data-settings=\"{&quot;background_background&quot;:&quot;classic&quot;}\">\n\t\t\t\t\t<div class=\"e-con-inner\">\n\t\t\t\t<div class=\"elementor-element elementor-element-ad98dc2 elementor-widget elementor-widget-image\" data-id=\"ad98dc2\" data-element_type=\"widget\" data-e-type=\"widget\" data-widget_type=\"image.default\">\n\t\t\t\t\t\t\t\t\t\t\t\t\t\t\t\t<a href=\"https:\/\/www.owayo.de\/shop\/akshirtinator\" target=\"_blank\">\n\t\t\t\t\t\t\t<img fetchpriority=\"high\" decoding=\"async\" width=\"2560\" height=\"1517\" src=\"https:\/\/flugsportgruppe-unterwoessen.de\/wp-content\/uploads\/2026\/01\/Shirtinator-2-scaled.jpg\" class=\"attachment-full size-full wp-image-1271\" alt=\"\" srcset=\"https:\/\/flugsportgruppe-unterwoessen.de\/wp-content\/uploads\/2026\/01\/Shirtinator-2-scaled.jpg 2560w, https:\/\/flugsportgruppe-unterwoessen.de\/wp-content\/uploads\/2026\/01\/Shirtinator-2-300x178.jpg 300w, https:\/\/flugsportgruppe-unterwoessen.de\/wp-content\/uploads\/2026\/01\/Shirtinator-2-1024x607.jpg 1024w, https:\/\/flugsportgruppe-unterwoessen.de\/wp-content\/uploads\/2026\/01\/Shirtinator-2-768x455.jpg 768w, https:\/\/flugsportgruppe-unterwoessen.de\/wp-content\/uploads\/2026\/01\/Shirtinator-2-1536x910.jpg 1536w, https:\/\/flugsportgruppe-unterwoessen.de\/wp-content\/uploads\/2026\/01\/Shirtinator-2-2048x1214.jpg 2048w, https:\/\/flugsportgruppe-unterwoessen.de\/wp-content\/uploads\/2026\/01\/Shirtinator-2-18x12.jpg 18w\" sizes=\"(max-width: 2560px) 100vw, 2560px\" \/>\t\t\t\t\t\t\t\t<\/a>\n\t\t\t\t\t\t\t\t\t\t\t\t\t\t\t<\/div>\n\t\t\t\t<div class=\"elementor-element elementor-element-102c81a elementor-widget elementor-widget-text-editor\" data-id=\"102c81a\" data-element_type=\"widget\" data-e-type=\"widget\" data-widget_type=\"text-editor.default\">\n\t\t\t\t\t\t\t\t\t<p>Die Models wurden mit der Bild-KI von Google (NanoBanana) erstellt<\/p>\t\t\t\t\t\t\t\t<\/div>\n\t\t\t\t\t<\/div>\n\t\t\t\t<\/div>\n\t\t\t\t<\/div>","protected":false},"excerpt":{"rendered":"<p>Hallo liebe FSGU Piloten und alle, die es werden wollen! Die aktuelle FSGU &#8211; Teamkollektion ist im Anmarsch! Habt Ihr Lust, Euch mit unserer Flugsportgruppe auch im Biergarten oder beim Stammtisch &#8211; besser noch bei der n\u00e4chsten Meisterschaft zu identifizieren? Ab sofort gibt es in unserem Shop viele tolle Designs, die Euch als FSGU-ler auszeichnen. Die Designs sind von mir f\u00fcr Euch entworfen und werden zum Selbstkostenpreis ohne jeden finanziellen Gewinn abgegeben. \u00a0 Also schaut Euch im Shop in Ruhe um, dort gibt es noch weitere Entw\u00fcrfe, Farben und Varianten wie z.B. lang\u00e4rmelige Shirts und Hoodies. Ich werde mich bem\u00fchen, das Sortiment zu erweitern, damit jeder etwas f\u00fcr sich findet. \u00a0 Wenn dann noch immer W\u00fcnsche offen sind &#8211; sprecht mich an. Ich werde mich bem\u00fchen, Euer Wunschdesign umzusetzen. \u00a0 Eure Andrea Wie komme ich zum Online-Shop? Dr\u00fcckt auf das Foto unten, der Link f\u00fchrt Euch zum Owayo-Shop. Ein Regensburger Hersteller mit einem hohen Anspruch an Qualit\u00e4t und Zuverl\u00e4ssigkeit! Hallo liebe FSGU Piloten und alle, die es werden wollen! Die aktuelle FSGU &#8211; Teamkollektion ist im Anmarsch! Habt Ihr Lust, Euch mit unserer Flugsportgruppe auch im Biergarten oder beim Stammtisch &#8211; besser noch bei der n\u00e4chsten Meisterschaft zu identifizieren? Ab sofort gibt es in unserem Shop viele tolle Designs, die Euch als FSGU-ler auszeichnen. Die Designs sind von mir f\u00fcr Euch entworfen und werden zum Selbstkostenpreis ohne jeden finanziellen Gewinn abgegeben. \u00a0 Also schaut Euch im Shop in Ruhe um, dort gibt es noch weitere Entw\u00fcrfe, Farben und Varianten wie z.B. lang\u00e4rmelige Shirts und Hoodies. Ich werde mich bem\u00fchen, das Sortiment zu erweitern, damit jeder etwas f\u00fcr sich findet. \u00a0 Wenn dann noch immer W\u00fcnsche offen sind &#8211; sprecht mich an. Ich werde mich bem\u00fchen, Euer Wunschdesign umzusetzen. \u00a0 Eure Andrea Die Models wurden mit der Bild-KI von Google (NanoBanana) erstellt<\/p>","protected":false},"author":1,"featured_media":0,"parent":0,"menu_order":0,"comment_status":"closed","ping_status":"closed","template":"","meta":{"footnotes":""},"class_list":["post-1115","page","type-page","status-publish","hentry"],"_links":{"self":[{"href":"https:\/\/flugsportgruppe-unterwoessen.de\/en\/wp-json\/wp\/v2\/pages\/1115","targetHints":{"allow":["GET"]}}],"collection":[{"href":"https:\/\/flugsportgruppe-unterwoessen.de\/en\/wp-json\/wp\/v2\/pages"}],"about":[{"href":"https:\/\/flugsportgruppe-unterwoessen.de\/en\/wp-json\/wp\/v2\/types\/page"}],"author":[{"embeddable":true,"href":"https:\/\/flugsportgruppe-unterwoessen.de\/en\/wp-json\/wp\/v2\/users\/1"}],"replies":[{"embeddable":true,"href":"https:\/\/flugsportgruppe-unterwoessen.de\/en\/wp-json\/wp\/v2\/comments?post=1115"}],"version-history":[{"count":142,"href":"https:\/\/flugsportgruppe-unterwoessen.de\/en\/wp-json\/wp\/v2\/pages\/1115\/revisions"}],"predecessor-version":[{"id":1392,"href":"https:\/\/flugsportgruppe-unterwoessen.de\/en\/wp-json\/wp\/v2\/pages\/1115\/revisions\/1392"}],"wp:attachment":[{"href":"https:\/\/flugsportgruppe-unterwoessen.de\/en\/wp-json\/wp\/v2\/media?parent=1115"}],"curies":[{"name":"wp","href":"https:\/\/api.w.org\/{rel}","templated":true}]}}