{"id":91,"date":"2026-01-08T13:56:55","date_gmt":"2026-01-08T13:56:55","guid":{"rendered":"https:\/\/flugsportgruppe-unterwoessen.de\/neu\/?page_id=91"},"modified":"2026-01-19T13:12:32","modified_gmt":"2026-01-19T13:12:32","slug":"impressum","status":"publish","type":"page","link":"https:\/\/flugsportgruppe-unterwoessen.de\/en\/impressum\/","title":{"rendered":"Impressum"},"content":{"rendered":"<div data-elementor-type=\"wp-page\" data-elementor-id=\"91\" class=\"elementor elementor-91\">\n\t\t\t\t<div class=\"elementor-element elementor-element-40598b7 e-flex e-con-boxed wpr-particle-no wpr-jarallax-no wpr-parallax-no wpr-sticky-section-no e-con e-parent\" data-id=\"40598b7\" data-element_type=\"container\" data-e-type=\"container\" data-settings=\"{&quot;background_background&quot;:&quot;classic&quot;}\">\n\t\t\t\t\t<div class=\"e-con-inner\">\n\t\t\t\t<div class=\"elementor-element elementor-element-04dfd3a elementor-widget elementor-widget-text-editor\" data-id=\"04dfd3a\" data-element_type=\"widget\" data-e-type=\"widget\" data-widget_type=\"text-editor.default\">\n\t\t\t\t\t\t\t\t\t<p><span style=\"color: #ffffff;\"><strong>Impressum<\/strong><\/span><\/p><p><span style=\"color: #ffffff;\">Flugsportgruppe Unterw\u00f6ssen e.V.<\/span><br \/><span style=\"color: #ffffff;\">Windseestra\u00dfe 42<\/span><br \/><span style=\"color: #ffffff;\">83246 Unterw\u00f6ssen<\/span><\/p><p><span style=\"color: #ffffff;\">Vereinsregister VR 319<\/span><br \/><span style=\"color: #ffffff;\">Registergericht: Amtsgericht Traunstein, Registergericht<\/span><\/p><p><span style=\"color: #ffffff;\"><strong>Vertreten durch:<\/strong><\/span><br \/><span style=\"color: #ffffff;\">Axel Vehse, Stefan Senger, Marc Beyer<\/span><\/p><p><span style=\"color: #ffffff;\"><strong>Kontakt<\/strong><\/span><\/p><p><span style=\"color: #ffffff;\">Telefon: +49 (0151-64969797)<\/span><br \/><span style=\"color: #ffffff;\">E-Mail: Axel.Vehse@Brueckner.de, St_Senger@t-online.de, marcbeyer@web.de<\/span><\/p><p><span style=\"color: #ffffff;\"><strong>Umsatzsteuer-ID<\/strong><\/span><\/p><p><span style=\"color: #ffffff;\">Umsatzsteuer-Identifikationsnummer gem\u00e4\u00df \u00a7 27 a Umsatzsteuergesetz:<\/span><br \/><span style=\"color: #ffffff;\">DE131566308<\/span><\/p><p><span style=\"color: #ffffff;\"><strong>Redaktionell verantwortlich<\/strong><\/span><\/p><p><span style=\"color: #ffffff;\">Axel Vehse<\/span><\/p><p><span style=\"color: #ffffff;\"><strong>Verbraucherstreitbeilegung\/Universalschlichtungsstelle<\/strong><\/span><\/p><p><span style=\"color: #ffffff;\">Wir sind nicht bereit oder verpflichtet, an Streitbeilegungsverfahren vor einer Verbraucherschlichtungsstelle teilzunehmen.<\/span><\/p>\t\t\t\t\t\t\t\t<\/div>\n\t\t\t\t\t<\/div>\n\t\t\t\t<\/div>\n\t\t\t\t<\/div>","protected":false},"excerpt":{"rendered":"<p>Impressum Flugsportgruppe Unterw\u00f6ssen e.V.Windseestra\u00dfe 4283246 Unterw\u00f6ssen Vereinsregister VR 319Registergericht: Amtsgericht Traunstein, Registergericht Vertreten durch:Axel Vehse, Stefan Senger, Marc Beyer Kontakt Telefon: +49 (0151-64969797)E-Mail: Axel.Vehse@Brueckner.de, St_Senger@t-online.de, marcbeyer@web.de Umsatzsteuer-ID Umsatzsteuer-Identifikationsnummer gem\u00e4\u00df \u00a7 27 a Umsatzsteuergesetz:DE131566308 Redaktionell verantwortlich Axel Vehse Verbraucherstreitbeilegung\/Universalschlichtungsstelle Wir sind nicht bereit oder verpflichtet, an Streitbeilegungsverfahren vor einer Verbraucherschlichtungsstelle teilzunehmen.<\/p>","protected":false},"author":1,"featured_media":0,"parent":0,"menu_order":0,"comment_status":"closed","ping_status":"closed","template":"elementor_canvas","meta":{"footnotes":""},"class_list":["post-91","page","type-page","status-publish","hentry"],"_links":{"self":[{"href":"https:\/\/flugsportgruppe-unterwoessen.de\/en\/wp-json\/wp\/v2\/pages\/91","targetHints":{"allow":["GET"]}}],"collection":[{"href":"https:\/\/flugsportgruppe-unterwoessen.de\/en\/wp-json\/wp\/v2\/pages"}],"about":[{"href":"https:\/\/flugsportgruppe-unterwoessen.de\/en\/wp-json\/wp\/v2\/types\/page"}],"author":[{"embeddable":true,"href":"https:\/\/flugsportgruppe-unterwoessen.de\/en\/wp-json\/wp\/v2\/users\/1"}],"replies":[{"embeddable":true,"href":"https:\/\/flugsportgruppe-unterwoessen.de\/en\/wp-json\/wp\/v2\/comments?post=91"}],"version-history":[{"count":37,"href":"https:\/\/flugsportgruppe-unterwoessen.de\/en\/wp-json\/wp\/v2\/pages\/91\/revisions"}],"predecessor-version":[{"id":1022,"href":"https:\/\/flugsportgruppe-unterwoessen.de\/en\/wp-json\/wp\/v2\/pages\/91\/revisions\/1022"}],"wp:attachment":[{"href":"https:\/\/flugsportgruppe-unterwoessen.de\/en\/wp-json\/wp\/v2\/media?parent=91"}],"curies":[{"name":"wp","href":"https:\/\/api.w.org\/{rel}","templated":true}]}}